{"id":1310,"date":"2019-02-05T14:28:39","date_gmt":"2019-02-05T14:28:39","guid":{"rendered":"http:\/\/hamvasintezet.hu\/?page_id=1310"},"modified":"2020-04-03T11:17:17","modified_gmt":"2020-04-03T09:17:17","slug":"links","status":"publish","type":"page","link":"https:\/\/www.hamvasintezet.hu\/en\/links\/","title":{"rendered":"Links"},"content":{"rendered":"<p style=\"text-align: center;\"><img loading=\"lazy\" decoding=\"async\" class=\"wp-image-692 aligncenter\" src=\"http:\/\/hamvasintezet.hu\/wp-content\/uploads\/2018\/10\/facebook-logo.jpg\" alt=\"\" width=\"419\" height=\"141\" srcset=\"https:\/\/www.hamvasintezet.hu\/wp-content\/uploads\/2018\/10\/facebook-logo.jpg 550w, https:\/\/www.hamvasintezet.hu\/wp-content\/uploads\/2018\/10\/facebook-logo-450x151.jpg 450w\" sizes=\"auto, (max-width: 419px) 100vw, 419px\" \/><a href=\"http:\/\/www.facebook.com\/hamvasintezet\" target=\"_blank\" rel=\"noopener noreferrer\">www.facebook.com\/hamvasintezet<\/a><\/p>\n","protected":false},"excerpt":{"rendered":"<p>www.facebook.com\/hamvasintezet<\/p>\n","protected":false},"author":1,"featured_media":0,"parent":0,"menu_order":0,"comment_status":"closed","ping_status":"closed","template":"","meta":{"footnotes":""},"class_list":["post-1310","page","type-page","status-publish","hentry"],"yoast_head":"<!-- This site is optimized with the Yoast SEO plugin v27.1.1 - https:\/\/yoast.com\/product\/yoast-seo-wordpress\/ -->\n<title>Links - Hankiss \u00c1gnes Int\u00e9zet<\/title>\n<meta name=\"robots\" content=\"index, follow, max-snippet:-1, max-image-preview:large, max-video-preview:-1\" \/>\n<link rel=\"canonical\" href=\"https:\/\/www.hamvasintezet.hu\/en\/links\/\" \/>\n<meta property=\"og:locale\" content=\"en_US\" \/>\n<meta property=\"og:type\" content=\"article\" \/>\n<meta property=\"og:title\" content=\"Links - Hankiss \u00c1gnes Int\u00e9zet\" \/>\n<meta property=\"og:description\" content=\"www.facebook.com\/hamvasintezet\" \/>\n<meta property=\"og:url\" content=\"https:\/\/www.hamvasintezet.hu\/en\/links\/\" \/>\n<meta property=\"og:site_name\" content=\"Hankiss \u00c1gnes Int\u00e9zet\" \/>\n<meta property=\"article:modified_time\" content=\"2020-04-03T09:17:17+00:00\" \/>\n<meta property=\"og:image\" content=\"http:\/\/hamvasintezet.hu\/wp-content\/uploads\/2018\/10\/facebook-logo.jpg\" \/>\n<meta name=\"twitter:card\" content=\"summary_large_image\" \/>\n<script type=\"application\/ld+json\" class=\"yoast-schema-graph\">{\"@context\":\"https:\/\/schema.org\",\"@graph\":[{\"@type\":\"WebPage\",\"@id\":\"https:\/\/www.hamvasintezet.hu\/en\/links\/\",\"url\":\"https:\/\/www.hamvasintezet.hu\/en\/links\/\",\"name\":\"Links - Hankiss \u00c1gnes Int\u00e9zet\",\"isPartOf\":{\"@id\":\"https:\/\/www.hamvasintezet.hu\/#website\"},\"primaryImageOfPage\":{\"@id\":\"https:\/\/www.hamvasintezet.hu\/en\/links\/#primaryimage\"},\"image\":{\"@id\":\"https:\/\/www.hamvasintezet.hu\/en\/links\/#primaryimage\"},\"thumbnailUrl\":\"http:\/\/hamvasintezet.hu\/wp-content\/uploads\/2018\/10\/facebook-logo.jpg\",\"datePublished\":\"2019-02-05T14:28:39+00:00\",\"dateModified\":\"2020-04-03T09:17:17+00:00\",\"breadcrumb\":{\"@id\":\"https:\/\/www.hamvasintezet.hu\/en\/links\/#breadcrumb\"},\"inLanguage\":\"en-US\",\"potentialAction\":[{\"@type\":\"ReadAction\",\"target\":[\"https:\/\/www.hamvasintezet.hu\/en\/links\/\"]}]},{\"@type\":\"ImageObject\",\"inLanguage\":\"en-US\",\"@id\":\"https:\/\/www.hamvasintezet.hu\/en\/links\/#primaryimage\",\"url\":\"http:\/\/hamvasintezet.hu\/wp-content\/uploads\/2018\/10\/facebook-logo.jpg\",\"contentUrl\":\"http:\/\/hamvasintezet.hu\/wp-content\/uploads\/2018\/10\/facebook-logo.jpg\"},{\"@type\":\"BreadcrumbList\",\"@id\":\"https:\/\/www.hamvasintezet.hu\/en\/links\/#breadcrumb\",\"itemListElement\":[{\"@type\":\"ListItem\",\"position\":1,\"name\":\"Home\",\"item\":\"https:\/\/www.hamvasintezet.hu\/en\/\"},{\"@type\":\"ListItem\",\"position\":2,\"name\":\"Links\"}]},{\"@type\":\"WebSite\",\"@id\":\"https:\/\/www.hamvasintezet.hu\/#website\",\"url\":\"https:\/\/www.hamvasintezet.hu\/\",\"name\":\"Hankiss \u00c1gnes Int\u00e9zet\",\"description\":\"Hankiss \u00c1gnes Int\u00e9zet honlapja\",\"publisher\":{\"@id\":\"https:\/\/www.hamvasintezet.hu\/#organization\"},\"potentialAction\":[{\"@type\":\"SearchAction\",\"target\":{\"@type\":\"EntryPoint\",\"urlTemplate\":\"https:\/\/www.hamvasintezet.hu\/?s={search_term_string}\"},\"query-input\":{\"@type\":\"PropertyValueSpecification\",\"valueRequired\":true,\"valueName\":\"search_term_string\"}}],\"inLanguage\":\"en-US\"},{\"@type\":\"Organization\",\"@id\":\"https:\/\/www.hamvasintezet.hu\/#organization\",\"name\":\"Hankiss \u00c1gnes Int\u00e9zet\",\"url\":\"https:\/\/www.hamvasintezet.hu\/\",\"logo\":{\"@type\":\"ImageObject\",\"inLanguage\":\"en-US\",\"@id\":\"https:\/\/www.hamvasintezet.hu\/#\/schema\/logo\/image\/\",\"url\":\"https:\/\/www.hamvasintezet.hu\/wp-content\/uploads\/2022\/03\/hankissintezet_logo.png\",\"contentUrl\":\"https:\/\/www.hamvasintezet.hu\/wp-content\/uploads\/2022\/03\/hankissintezet_logo.png\",\"width\":125,\"height\":125,\"caption\":\"Hankiss \u00c1gnes Int\u00e9zet\"},\"image\":{\"@id\":\"https:\/\/www.hamvasintezet.hu\/#\/schema\/logo\/image\/\"}}]}<\/script>\n<!-- \/ Yoast SEO plugin. -->","yoast_head_json":{"title":"Links - Hankiss \u00c1gnes Int\u00e9zet","robots":{"index":"index","follow":"follow","max-snippet":"max-snippet:-1","max-image-preview":"max-image-preview:large","max-video-preview":"max-video-preview:-1"},"canonical":"https:\/\/www.hamvasintezet.hu\/en\/links\/","og_locale":"en_US","og_type":"article","og_title":"Links - Hankiss \u00c1gnes Int\u00e9zet","og_description":"www.facebook.com\/hamvasintezet","og_url":"https:\/\/www.hamvasintezet.hu\/en\/links\/","og_site_name":"Hankiss \u00c1gnes Int\u00e9zet","article_modified_time":"2020-04-03T09:17:17+00:00","og_image":[{"url":"http:\/\/hamvasintezet.hu\/wp-content\/uploads\/2018\/10\/facebook-logo.jpg","type":"","width":"","height":""}],"twitter_card":"summary_large_image","schema":{"@context":"https:\/\/schema.org","@graph":[{"@type":"WebPage","@id":"https:\/\/www.hamvasintezet.hu\/en\/links\/","url":"https:\/\/www.hamvasintezet.hu\/en\/links\/","name":"Links - Hankiss \u00c1gnes Int\u00e9zet","isPartOf":{"@id":"https:\/\/www.hamvasintezet.hu\/#website"},"primaryImageOfPage":{"@id":"https:\/\/www.hamvasintezet.hu\/en\/links\/#primaryimage"},"image":{"@id":"https:\/\/www.hamvasintezet.hu\/en\/links\/#primaryimage"},"thumbnailUrl":"http:\/\/hamvasintezet.hu\/wp-content\/uploads\/2018\/10\/facebook-logo.jpg","datePublished":"2019-02-05T14:28:39+00:00","dateModified":"2020-04-03T09:17:17+00:00","breadcrumb":{"@id":"https:\/\/www.hamvasintezet.hu\/en\/links\/#breadcrumb"},"inLanguage":"en-US","potentialAction":[{"@type":"ReadAction","target":["https:\/\/www.hamvasintezet.hu\/en\/links\/"]}]},{"@type":"ImageObject","inLanguage":"en-US","@id":"https:\/\/www.hamvasintezet.hu\/en\/links\/#primaryimage","url":"http:\/\/hamvasintezet.hu\/wp-content\/uploads\/2018\/10\/facebook-logo.jpg","contentUrl":"http:\/\/hamvasintezet.hu\/wp-content\/uploads\/2018\/10\/facebook-logo.jpg"},{"@type":"BreadcrumbList","@id":"https:\/\/www.hamvasintezet.hu\/en\/links\/#breadcrumb","itemListElement":[{"@type":"ListItem","position":1,"name":"Home","item":"https:\/\/www.hamvasintezet.hu\/en\/"},{"@type":"ListItem","position":2,"name":"Links"}]},{"@type":"WebSite","@id":"https:\/\/www.hamvasintezet.hu\/#website","url":"https:\/\/www.hamvasintezet.hu\/","name":"Hankiss \u00c1gnes Int\u00e9zet","description":"Hankiss \u00c1gnes Int\u00e9zet honlapja","publisher":{"@id":"https:\/\/www.hamvasintezet.hu\/#organization"},"potentialAction":[{"@type":"SearchAction","target":{"@type":"EntryPoint","urlTemplate":"https:\/\/www.hamvasintezet.hu\/?s={search_term_string}"},"query-input":{"@type":"PropertyValueSpecification","valueRequired":true,"valueName":"search_term_string"}}],"inLanguage":"en-US"},{"@type":"Organization","@id":"https:\/\/www.hamvasintezet.hu\/#organization","name":"Hankiss \u00c1gnes Int\u00e9zet","url":"https:\/\/www.hamvasintezet.hu\/","logo":{"@type":"ImageObject","inLanguage":"en-US","@id":"https:\/\/www.hamvasintezet.hu\/#\/schema\/logo\/image\/","url":"https:\/\/www.hamvasintezet.hu\/wp-content\/uploads\/2022\/03\/hankissintezet_logo.png","contentUrl":"https:\/\/www.hamvasintezet.hu\/wp-content\/uploads\/2022\/03\/hankissintezet_logo.png","width":125,"height":125,"caption":"Hankiss \u00c1gnes Int\u00e9zet"},"image":{"@id":"https:\/\/www.hamvasintezet.hu\/#\/schema\/logo\/image\/"}}]}},"_links":{"self":[{"href":"https:\/\/www.hamvasintezet.hu\/en\/wp-json\/wp\/v2\/pages\/1310","targetHints":{"allow":["GET"]}}],"collection":[{"href":"https:\/\/www.hamvasintezet.hu\/en\/wp-json\/wp\/v2\/pages"}],"about":[{"href":"https:\/\/www.hamvasintezet.hu\/en\/wp-json\/wp\/v2\/types\/page"}],"author":[{"embeddable":true,"href":"https:\/\/www.hamvasintezet.hu\/en\/wp-json\/wp\/v2\/users\/1"}],"replies":[{"embeddable":true,"href":"https:\/\/www.hamvasintezet.hu\/en\/wp-json\/wp\/v2\/comments?post=1310"}],"version-history":[{"count":3,"href":"https:\/\/www.hamvasintezet.hu\/en\/wp-json\/wp\/v2\/pages\/1310\/revisions"}],"predecessor-version":[{"id":1515,"href":"https:\/\/www.hamvasintezet.hu\/en\/wp-json\/wp\/v2\/pages\/1310\/revisions\/1515"}],"wp:attachment":[{"href":"https:\/\/www.hamvasintezet.hu\/en\/wp-json\/wp\/v2\/media?parent=1310"}],"curies":[{"name":"wp","href":"https:\/\/api.w.org\/{rel}","templated":true}]}}